{"id":268,"date":"2019-09-05T18:32:44","date_gmt":"2019-09-05T18:32:44","guid":{"rendered":"https:\/\/demosites.io\/energy-panels\/?page_id=268"},"modified":"2023-05-03T22:57:27","modified_gmt":"2023-05-03T22:57:27","slug":"287ae-energy-panels-homepage","status":"publish","type":"page","link":"https:\/\/electronicanacionalcentro.com\/","title":{"rendered":"Homepage"},"content":{"rendered":"\t\t<div data-elementor-type=\"wp-post\" data-elementor-id=\"268\" class=\"elementor elementor-268\">\n\t\t\t\t\t\t<section class=\"elementor-section elementor-top-section elementor-element elementor-element-18531465 elementor-section-height-min-height elementor-section-items-top elementor-section-content-top elementor-section-boxed elementor-section-height-default\" data-id=\"18531465\" data-element_type=\"section\" data-e-type=\"section\" data-settings=\"{&quot;background_background&quot;:&quot;slideshow&quot;,&quot;background_slideshow_gallery&quot;:[{&quot;id&quot;:405,&quot;url&quot;:&quot;http:\\\/\\\/electronicanacionalcentro.com\\\/wp-content\\\/uploads\\\/2020\\\/06\\\/ADS200.jpg&quot;},{&quot;id&quot;:408,&quot;url&quot;:&quot;http:\\\/\\\/electronicanacionalcentro.com\\\/wp-content\\\/uploads\\\/2020\\\/06\\\/Arm-Evac150.jpg&quot;},{&quot;id&quot;:409,&quot;url&quot;:&quot;http:\\\/\\\/electronicanacionalcentro.com\\\/wp-content\\\/uploads\\\/2020\\\/06\\\/MBT-350.jpg&quot;},{&quot;id&quot;:467,&quot;url&quot;:&quot;http:\\\/\\\/electronicanacionalcentro.com\\\/wp-content\\\/uploads\\\/2020\\\/06\\\/ima.jpg&quot;}],&quot;background_slideshow_loop&quot;:&quot;yes&quot;,&quot;background_slideshow_slide_duration&quot;:5000,&quot;background_slideshow_slide_transition&quot;:&quot;fade&quot;,&quot;background_slideshow_transition_duration&quot;:500}\">\n\t\t\t\t\t\t<div class=\"elementor-container elementor-column-gap-default\">\n\t\t\t\t\t<div class=\"elementor-column elementor-col-100 elementor-top-column elementor-element elementor-element-2e2759cf\" data-id=\"2e2759cf\" data-element_type=\"column\" data-e-type=\"column\">\n\t\t\t<div class=\"elementor-widget-wrap\">\n\t\t\t\t\t\t\t<\/div>\n\t\t<\/div>\n\t\t\t\t\t<\/div>\n\t\t<\/section>\n\t\t\t\t<section class=\"elementor-section elementor-top-section elementor-element elementor-element-402e02ae elementor-section-boxed elementor-section-height-default elementor-section-height-default\" data-id=\"402e02ae\" data-element_type=\"section\" data-e-type=\"section\" data-settings=\"{&quot;background_background&quot;:&quot;classic&quot;}\">\n\t\t\t\t\t\t<div class=\"elementor-container elementor-column-gap-default\">\n\t\t\t\t\t<div class=\"elementor-column elementor-col-100 elementor-top-column elementor-element elementor-element-5add44dc\" data-id=\"5add44dc\" data-element_type=\"column\" data-e-type=\"column\">\n\t\t\t<div class=\"elementor-widget-wrap elementor-element-populated\">\n\t\t\t\t\t\t<section class=\"elementor-section elementor-inner-section elementor-element elementor-element-a34243f elementor-section-content-middle elementor-section-full_width elementor-section-height-default elementor-section-height-default\" data-id=\"a34243f\" data-element_type=\"section\" data-e-type=\"section\">\n\t\t\t\t\t\t<div class=\"elementor-container elementor-column-gap-default\">\n\t\t\t\t\t<div class=\"elementor-column elementor-col-50 elementor-inner-column elementor-element elementor-element-481dacd\" data-id=\"481dacd\" data-element_type=\"column\" data-e-type=\"column\">\n\t\t\t<div class=\"elementor-widget-wrap elementor-element-populated\">\n\t\t\t\t\t\t<div class=\"elementor-element elementor-element-06d846a elementor-widget elementor-widget-image\" data-id=\"06d846a\" data-element_type=\"widget\" data-e-type=\"widget\" data-widget_type=\"image.default\">\n\t\t\t\t<div class=\"elementor-widget-container\">\n\t\t\t\t\t\t\t\t\t\t\t\t\t\t\t<img fetchpriority=\"high\" decoding=\"async\" width=\"392\" height=\"365\" src=\"https:\/\/electronicanacionalcentro.com\/wp-content\/uploads\/2020\/06\/mision-ispor.jpg\" class=\"attachment-large size-large wp-image-334\" alt=\"\" srcset=\"https:\/\/electronicanacionalcentro.com\/wp-content\/uploads\/2020\/06\/mision-ispor.jpg 392w, https:\/\/electronicanacionalcentro.com\/wp-content\/uploads\/2020\/06\/mision-ispor-300x279.jpg 300w\" sizes=\"(max-width: 392px) 100vw, 392px\" \/>\t\t\t\t\t\t\t\t\t\t\t\t\t\t\t<\/div>\n\t\t\t\t<\/div>\n\t\t\t\t<div class=\"elementor-element elementor-element-81b9bd8 elementor-widget elementor-widget-heading\" data-id=\"81b9bd8\" data-element_type=\"widget\" data-e-type=\"widget\" data-widget_type=\"heading.default\">\n\t\t\t\t<div class=\"elementor-widget-container\">\n\t\t\t\t\t<h2 class=\"elementor-heading-title elementor-size-default\">COMUNICADO!<\/h2>\t\t\t\t<\/div>\n\t\t\t\t<\/div>\n\t\t\t\t<div class=\"elementor-element elementor-element-5b08761 elementor-widget elementor-widget-text-editor\" data-id=\"5b08761\" data-element_type=\"widget\" data-e-type=\"widget\" data-widget_type=\"text-editor.default\">\n\t\t\t\t<div class=\"elementor-widget-container\">\n\t\t\t\t\t\t\t\t\t<h6 style=\"text-align: center;\"><span lang=\"ES-EC\" style=\"font-size: 11.0pt; font-family: 'Calibri',sans-serif; mso-ascii-theme-font: minor-latin; mso-fareast-font-family: Calibri; mso-fareast-theme-font: minor-latin; mso-hansi-theme-font: minor-latin; mso-bidi-font-family: 'Times New Roman'; mso-bidi-theme-font: minor-bidi; mso-ansi-language: ES-EC; mso-fareast-language: EN-US; mso-bidi-language: AR-SA;\">Estimados clientes, Electr\u00f3nica Nacional informa que todos los equipos entregados para revisi\u00f3n, mantenimiento y reparaci\u00f3n que no hayan sido retirados en un plazo m\u00e1ximo de 30 d\u00edas despu\u00e9s de haber aceptado el presupuesto, y se encuentran m\u00e1s de 6 meses en el servicio t\u00e9cnico, se proceder\u00e1 a enviar a venta o reciclaje. En caso que quieran retirar los equipos abandonados debe cancelar los valores de diagn\u00f3stico, reparaci\u00f3n y bodegaje. Pasados los 6 meses ser\u00e1n vendidos o reciclados\u00a0 como indemnizaci\u00f3n por los servicios prestados y la falta de cumplimiento de las condiciones aceptadas cuando se dej\u00f3 el artefacto. Electr\u00f3nica Nacional\u00a0 no es responsable de los artefactos abandonados ni de cualquier reclamo extempor\u00e1neo . <b>AT. LA GERENCIA<\/b><\/span><\/h6>\t\t\t\t\t\t\t\t<\/div>\n\t\t\t\t<\/div>\n\t\t\t\t\t<\/div>\n\t\t<\/div>\n\t\t\t\t<div class=\"elementor-column elementor-col-50 elementor-inner-column elementor-element elementor-element-55520f39\" data-id=\"55520f39\" data-element_type=\"column\" data-e-type=\"column\">\n\t\t\t<div class=\"elementor-widget-wrap elementor-element-populated\">\n\t\t\t\t\t\t<div class=\"elementor-element elementor-element-155f3ae2 elementor-widget elementor-widget-heading\" data-id=\"155f3ae2\" data-element_type=\"widget\" data-e-type=\"widget\" data-widget_type=\"heading.default\">\n\t\t\t\t<div class=\"elementor-widget-container\">\n\t\t\t\t\t<h2 class=\"elementor-heading-title elementor-size-default\">MISI\u00d3N<\/h2>\t\t\t\t<\/div>\n\t\t\t\t<\/div>\n\t\t\t\t<div class=\"elementor-element elementor-element-6ed8d763 elementor-widget elementor-widget-text-editor\" data-id=\"6ed8d763\" data-element_type=\"widget\" data-e-type=\"widget\" data-widget_type=\"text-editor.default\">\n\t\t\t\t<div class=\"elementor-widget-container\">\n\t\t\t\t\t\t\t\t\t<p style=\"text-align: justify;\">Proveer soluciones confiables en refacciones, informaci\u00f3n y asesor\u00eda t\u00e9cnica, siempre cumpliendo con los requerimientos de nuestros clientes en servicios, calidad y buen precio.<\/p>\n<p style=\"text-align: justify;\">Ser l\u00edderes en el mercado de la electr\u00f3nica a trav\u00e9s de un servicio de calidad inmejorable y amplio surtido a un precio justo.<\/p>\n<p style=\"text-align: justify;\">Lograr la lealtad de nuestros clientes, basados en el respeto, honestidad, compromiso y confianza.Fomentar el trabajo en equipo, impulsando el desarrollo y superaci\u00f3n de todas las personas dentro de la organizaci\u00f3n.Mantener siempre una cultura de innovaci\u00f3n, mejora continua y crecimiento, anticip\u00e1ndonos y adapt\u00e1ndonos a los cambios de nuestro entorno.\nEn Electr\u00f3nica Nacional, ofrecemos Equipos Electr\u00f3nicos, Herramientas profesionales contamos con Repuestos originales, Accesorios Electr\u00f3nicos y de Computaci\u00f3n a precios econ\u00f3micos.<\/p>\t\t\t\t\t\t\t\t<\/div>\n\t\t\t\t<\/div>\n\t\t\t\t<div class=\"elementor-element elementor-element-58685ec8 elementor-widget elementor-widget-progress\" data-id=\"58685ec8\" data-element_type=\"widget\" data-e-type=\"widget\" data-widget_type=\"progress.default\">\n\t\t\t\t<div class=\"elementor-widget-container\">\n\t\t\t\t\t\n\t\t<div class=\"elementor-progress-wrapper\" role=\"progressbar\" aria-valuemin=\"0\" aria-valuemax=\"100\" aria-valuenow=\"100\" aria-valuetext=\"100% (Componentes electr\u00f3nicos)\">\n\t\t\t<div class=\"elementor-progress-bar\" data-max=\"100\">\n\t\t\t\t<span class=\"elementor-progress-text\">Componentes electr\u00f3nicos<\/span>\n\t\t\t\t\t\t\t<\/div>\n\t\t<\/div>\n\t\t\t\t\t\t<\/div>\n\t\t\t\t<\/div>\n\t\t\t\t<div class=\"elementor-element elementor-element-3b0b1ed6 elementor-widget elementor-widget-progress\" data-id=\"3b0b1ed6\" data-element_type=\"widget\" data-e-type=\"widget\" data-widget_type=\"progress.default\">\n\t\t\t\t<div class=\"elementor-widget-container\">\n\t\t\t\t\t\n\t\t<div class=\"elementor-progress-wrapper\" role=\"progressbar\" aria-valuemin=\"0\" aria-valuemax=\"100\" aria-valuenow=\"78\" aria-valuetext=\"78% (Computaci\u00f3n)\">\n\t\t\t<div class=\"elementor-progress-bar\" data-max=\"78\">\n\t\t\t\t<span class=\"elementor-progress-text\">Computaci\u00f3n<\/span>\n\t\t\t\t\t\t\t<\/div>\n\t\t<\/div>\n\t\t\t\t\t\t<\/div>\n\t\t\t\t<\/div>\n\t\t\t\t<div class=\"elementor-element elementor-element-67619384 elementor-widget elementor-widget-progress\" data-id=\"67619384\" data-element_type=\"widget\" data-e-type=\"widget\" data-widget_type=\"progress.default\">\n\t\t\t\t<div class=\"elementor-widget-container\">\n\t\t\t\t\t\n\t\t<div class=\"elementor-progress-wrapper\" role=\"progressbar\" aria-valuemin=\"0\" aria-valuemax=\"100\" aria-valuenow=\"85\" aria-valuetext=\"85% (Servicios t\u00e9cnicos)\">\n\t\t\t<div class=\"elementor-progress-bar\" data-max=\"85\">\n\t\t\t\t<span class=\"elementor-progress-text\">Servicios t\u00e9cnicos<\/span>\n\t\t\t\t\t\t\t<\/div>\n\t\t<\/div>\n\t\t\t\t\t\t<\/div>\n\t\t\t\t<\/div>\n\t\t\t\t\t<\/div>\n\t\t<\/div>\n\t\t\t\t\t<\/div>\n\t\t<\/section>\n\t\t\t\t\t<\/div>\n\t\t<\/div>\n\t\t\t\t\t<\/div>\n\t\t<\/section>\n\t\t\t\t<section class=\"elementor-section elementor-top-section elementor-element elementor-element-b82c1a8 elementor-section-boxed elementor-section-height-default elementor-section-height-default\" data-id=\"b82c1a8\" data-element_type=\"section\" data-e-type=\"section\" data-settings=\"{&quot;background_background&quot;:&quot;classic&quot;}\">\n\t\t\t\t\t\t<div class=\"elementor-container elementor-column-gap-default\">\n\t\t\t\t\t<div class=\"elementor-column elementor-col-100 elementor-top-column elementor-element elementor-element-53822e60\" data-id=\"53822e60\" data-element_type=\"column\" data-e-type=\"column\">\n\t\t\t<div class=\"elementor-widget-wrap elementor-element-populated\">\n\t\t\t\t\t\t<section class=\"elementor-section elementor-inner-section elementor-element elementor-element-5f8c4953 elementor-section-boxed elementor-section-height-default elementor-section-height-default\" data-id=\"5f8c4953\" data-element_type=\"section\" data-e-type=\"section\">\n\t\t\t\t\t\t<div class=\"elementor-container elementor-column-gap-default\">\n\t\t\t\t\t<div class=\"elementor-column elementor-col-100 elementor-inner-column elementor-element elementor-element-268bdad2\" data-id=\"268bdad2\" data-element_type=\"column\" data-e-type=\"column\">\n\t\t\t<div class=\"elementor-widget-wrap elementor-element-populated\">\n\t\t\t\t\t\t<div class=\"elementor-element elementor-element-a7ad53a elementor-widget elementor-widget-heading\" data-id=\"a7ad53a\" data-element_type=\"widget\" data-e-type=\"widget\" data-widget_type=\"heading.default\">\n\t\t\t\t<div class=\"elementor-widget-container\">\n\t\t\t\t\t<h2 class=\"elementor-heading-title elementor-size-default\">Qu\u00e9 nos diferencia?<\/h2>\t\t\t\t<\/div>\n\t\t\t\t<\/div>\n\t\t\t\t<div class=\"elementor-element elementor-element-52b1ed6f elementor-widget elementor-widget-spacer\" data-id=\"52b1ed6f\" data-element_type=\"widget\" data-e-type=\"widget\" data-widget_type=\"spacer.default\">\n\t\t\t\t<div class=\"elementor-widget-container\">\n\t\t\t\t\t\t\t<div class=\"elementor-spacer\">\n\t\t\t<div class=\"elementor-spacer-inner\"><\/div>\n\t\t<\/div>\n\t\t\t\t\t\t<\/div>\n\t\t\t\t<\/div>\n\t\t\t\t\t<\/div>\n\t\t<\/div>\n\t\t\t\t\t<\/div>\n\t\t<\/section>\n\t\t\t\t<section class=\"elementor-section elementor-inner-section elementor-element elementor-element-c49206d elementor-section-boxed elementor-section-height-default elementor-section-height-default\" data-id=\"c49206d\" data-element_type=\"section\" data-e-type=\"section\">\n\t\t\t\t\t\t<div class=\"elementor-container elementor-column-gap-default\">\n\t\t\t\t\t<div class=\"elementor-column elementor-col-33 elementor-inner-column elementor-element elementor-element-545711c7\" data-id=\"545711c7\" data-element_type=\"column\" data-e-type=\"column\">\n\t\t\t<div class=\"elementor-widget-wrap elementor-element-populated\">\n\t\t\t\t\t\t<div class=\"elementor-element elementor-element-6dace1af elementor-position-inline-start elementor-view-default elementor-mobile-position-block-start elementor-widget elementor-widget-icon-box\" data-id=\"6dace1af\" data-element_type=\"widget\" data-e-type=\"widget\" data-widget_type=\"icon-box.default\">\n\t\t\t\t<div class=\"elementor-widget-container\">\n\t\t\t\t\t\t\t<div class=\"elementor-icon-box-wrapper\">\n\n\t\t\t\t\t\t<div class=\"elementor-icon-box-icon\">\n\t\t\t\t<span  class=\"elementor-icon\">\n\t\t\t\t<i aria-hidden=\"true\" class=\"far fa-check-square\"><\/i>\t\t\t\t<\/span>\n\t\t\t<\/div>\n\t\t\t\n\t\t\t\t\t\t<div class=\"elementor-icon-box-content\">\n\n\t\t\t\t\t\t\t\t\t<h3 class=\"elementor-icon-box-title\">\n\t\t\t\t\t\t<span  >\n\t\t\t\t\t\t\tExperiencia\t\t\t\t\t\t<\/span>\n\t\t\t\t\t<\/h3>\n\t\t\t\t\n\t\t\t\t\t\t\t\t\t<p class=\"elementor-icon-box-description\">\n\t\t\t\t\t\tContamos con 30 a\u00f1os de experiencia ofreciendo soluciones y t\u00e9cnolog\u00eda actualizada.\t\t\t\t\t<\/p>\n\t\t\t\t\n\t\t\t<\/div>\n\t\t\t\n\t\t<\/div>\n\t\t\t\t\t\t<\/div>\n\t\t\t\t<\/div>\n\t\t\t\t\t<\/div>\n\t\t<\/div>\n\t\t\t\t<div class=\"elementor-column elementor-col-33 elementor-inner-column elementor-element elementor-element-639613b1\" data-id=\"639613b1\" data-element_type=\"column\" data-e-type=\"column\">\n\t\t\t<div class=\"elementor-widget-wrap elementor-element-populated\">\n\t\t\t\t\t\t<div class=\"elementor-element elementor-element-23fd781f elementor-position-inline-start elementor-view-default elementor-mobile-position-block-start elementor-widget elementor-widget-icon-box\" data-id=\"23fd781f\" data-element_type=\"widget\" data-e-type=\"widget\" data-widget_type=\"icon-box.default\">\n\t\t\t\t<div class=\"elementor-widget-container\">\n\t\t\t\t\t\t\t<div class=\"elementor-icon-box-wrapper\">\n\n\t\t\t\t\t\t<div class=\"elementor-icon-box-icon\">\n\t\t\t\t<span  class=\"elementor-icon\">\n\t\t\t\t<i aria-hidden=\"true\" class=\"far fa-check-square\"><\/i>\t\t\t\t<\/span>\n\t\t\t<\/div>\n\t\t\t\n\t\t\t\t\t\t<div class=\"elementor-icon-box-content\">\n\n\t\t\t\t\t\t\t\t\t<h3 class=\"elementor-icon-box-title\">\n\t\t\t\t\t\t<span  >\n\t\t\t\t\t\t\tAsesor\u00eda t\u00e9cnica\t\t\t\t\t\t<\/span>\n\t\t\t\t\t<\/h3>\n\t\t\t\t\n\t\t\t\t\t\t\t\t\t<p class=\"elementor-icon-box-description\">\n\t\t\t\t\t\tContamos con profesionales que le ayudaran en el seguimiento de su proyecto.\t\t\t\t\t<\/p>\n\t\t\t\t\n\t\t\t<\/div>\n\t\t\t\n\t\t<\/div>\n\t\t\t\t\t\t<\/div>\n\t\t\t\t<\/div>\n\t\t\t\t\t<\/div>\n\t\t<\/div>\n\t\t\t\t<div class=\"elementor-column elementor-col-33 elementor-inner-column elementor-element elementor-element-5b870eb4\" data-id=\"5b870eb4\" data-element_type=\"column\" data-e-type=\"column\">\n\t\t\t<div class=\"elementor-widget-wrap elementor-element-populated\">\n\t\t\t\t\t\t<div class=\"elementor-element elementor-element-78e6aff elementor-position-inline-start elementor-view-default elementor-mobile-position-block-start elementor-widget elementor-widget-icon-box\" data-id=\"78e6aff\" data-element_type=\"widget\" data-e-type=\"widget\" data-widget_type=\"icon-box.default\">\n\t\t\t\t<div class=\"elementor-widget-container\">\n\t\t\t\t\t\t\t<div class=\"elementor-icon-box-wrapper\">\n\n\t\t\t\t\t\t<div class=\"elementor-icon-box-icon\">\n\t\t\t\t<span  class=\"elementor-icon\">\n\t\t\t\t<i aria-hidden=\"true\" class=\"far fa-check-square\"><\/i>\t\t\t\t<\/span>\n\t\t\t<\/div>\n\t\t\t\n\t\t\t\t\t\t<div class=\"elementor-icon-box-content\">\n\n\t\t\t\t\t\t\t\t\t<h3 class=\"elementor-icon-box-title\">\n\t\t\t\t\t\t<span  >\n\t\t\t\t\t\t\tVariedad de repuestos\t\t\t\t\t\t<\/span>\n\t\t\t\t\t<\/h3>\n\t\t\t\t\n\t\t\t\t\t\t\t\t\t<p class=\"elementor-icon-box-description\">\n\t\t\t\t\t\tSomos importadores por lo que siempre contamos con repuestos y precios acccesibles.\t\t\t\t\t<\/p>\n\t\t\t\t\n\t\t\t<\/div>\n\t\t\t\n\t\t<\/div>\n\t\t\t\t\t\t<\/div>\n\t\t\t\t<\/div>\n\t\t\t\t\t<\/div>\n\t\t<\/div>\n\t\t\t\t\t<\/div>\n\t\t<\/section>\n\t\t\t\t\t<\/div>\n\t\t<\/div>\n\t\t\t\t\t<\/div>\n\t\t<\/section>\n\t\t\t\t<section class=\"elementor-section elementor-top-section elementor-element elementor-element-5402c4dd elementor-section-boxed elementor-section-height-default elementor-section-height-default\" data-id=\"5402c4dd\" data-element_type=\"section\" data-e-type=\"section\" data-settings=\"{&quot;background_background&quot;:&quot;classic&quot;}\">\n\t\t\t\t\t\t<div class=\"elementor-container elementor-column-gap-default\">\n\t\t\t\t\t<div class=\"elementor-column elementor-col-100 elementor-top-column elementor-element elementor-element-20d00ef7\" data-id=\"20d00ef7\" data-element_type=\"column\" data-e-type=\"column\">\n\t\t\t<div class=\"elementor-widget-wrap elementor-element-populated\">\n\t\t\t\t\t\t<div class=\"elementor-element elementor-element-348ffe1 elementor-widget elementor-widget-image\" data-id=\"348ffe1\" data-element_type=\"widget\" data-e-type=\"widget\" data-widget_type=\"image.default\">\n\t\t\t\t<div class=\"elementor-widget-container\">\n\t\t\t\t\t\t\t\t\t\t\t\t\t\t\t<img decoding=\"async\" width=\"440\" height=\"73\" src=\"https:\/\/electronicanacionalcentro.com\/wp-content\/uploads\/2020\/06\/marcas2.jpg\" class=\"attachment-1536x1536 size-1536x1536 wp-image-412\" alt=\"\" srcset=\"https:\/\/electronicanacionalcentro.com\/wp-content\/uploads\/2020\/06\/marcas2.jpg 440w, https:\/\/electronicanacionalcentro.com\/wp-content\/uploads\/2020\/06\/marcas2-300x50.jpg 300w\" sizes=\"(max-width: 440px) 100vw, 440px\" \/>\t\t\t\t\t\t\t\t\t\t\t\t\t\t\t<\/div>\n\t\t\t\t<\/div>\n\t\t\t\t<section class=\"elementor-section elementor-inner-section elementor-element elementor-element-539c9bd2 elementor-section-boxed elementor-section-height-default elementor-section-height-default\" data-id=\"539c9bd2\" data-element_type=\"section\" data-e-type=\"section\">\n\t\t\t\t\t\t<div class=\"elementor-container elementor-column-gap-default\">\n\t\t\t\t\t<div class=\"elementor-column elementor-col-33 elementor-inner-column elementor-element elementor-element-2b984318\" data-id=\"2b984318\" data-element_type=\"column\" data-e-type=\"column\">\n\t\t\t<div class=\"elementor-widget-wrap elementor-element-populated\">\n\t\t\t\t\t\t<div class=\"elementor-element elementor-element-9f4619e elementor-widget elementor-widget-image\" data-id=\"9f4619e\" data-element_type=\"widget\" data-e-type=\"widget\" data-widget_type=\"image.default\">\n\t\t\t\t<div class=\"elementor-widget-container\">\n\t\t\t\t\t\t\t\t\t\t\t\t\t\t\t<img decoding=\"async\" width=\"696\" height=\"464\" src=\"https:\/\/electronicanacionalcentro.com\/wp-content\/uploads\/2020\/06\/electrodroid-aplicacion-electronica-android-696x464-1.jpg\" class=\"attachment-large size-large wp-image-339\" alt=\"\" srcset=\"https:\/\/electronicanacionalcentro.com\/wp-content\/uploads\/2020\/06\/electrodroid-aplicacion-electronica-android-696x464-1.jpg 696w, https:\/\/electronicanacionalcentro.com\/wp-content\/uploads\/2020\/06\/electrodroid-aplicacion-electronica-android-696x464-1-300x200.jpg 300w\" sizes=\"(max-width: 696px) 100vw, 696px\" \/>\t\t\t\t\t\t\t\t\t\t\t\t\t\t\t<\/div>\n\t\t\t\t<\/div>\n\t\t\t\t\t<\/div>\n\t\t<\/div>\n\t\t\t\t<div class=\"elementor-column elementor-col-33 elementor-inner-column elementor-element elementor-element-a639ac5\" data-id=\"a639ac5\" data-element_type=\"column\" data-e-type=\"column\">\n\t\t\t<div class=\"elementor-widget-wrap elementor-element-populated\">\n\t\t\t\t\t\t<div class=\"elementor-element elementor-element-c5dad5e elementor-widget elementor-widget-image\" data-id=\"c5dad5e\" data-element_type=\"widget\" data-e-type=\"widget\" data-widget_type=\"image.default\">\n\t\t\t\t<div class=\"elementor-widget-container\">\n\t\t\t\t\t\t\t\t\t\t\t\t\t\t\t<img loading=\"lazy\" decoding=\"async\" width=\"620\" height=\"461\" src=\"https:\/\/electronicanacionalcentro.com\/wp-content\/uploads\/2020\/06\/03ab802d4a6e7adf998cc312dd019c78.gif\" class=\"attachment-large size-large wp-image-345\" alt=\"\" \/>\t\t\t\t\t\t\t\t\t\t\t\t\t\t\t<\/div>\n\t\t\t\t<\/div>\n\t\t\t\t\t<\/div>\n\t\t<\/div>\n\t\t\t\t<div class=\"elementor-column elementor-col-33 elementor-inner-column elementor-element elementor-element-4bc8185\" data-id=\"4bc8185\" data-element_type=\"column\" data-e-type=\"column\">\n\t\t\t<div class=\"elementor-widget-wrap elementor-element-populated\">\n\t\t\t\t\t\t<div class=\"elementor-element elementor-element-b2c335a elementor-widget elementor-widget-image\" data-id=\"b2c335a\" data-element_type=\"widget\" data-e-type=\"widget\" data-widget_type=\"image.default\">\n\t\t\t\t<div class=\"elementor-widget-container\">\n\t\t\t\t\t\t\t\t\t\t\t\t\t\t\t<img loading=\"lazy\" decoding=\"async\" width=\"1024\" height=\"576\" src=\"https:\/\/electronicanacionalcentro.com\/wp-content\/uploads\/2020\/06\/fondo-1024x576.jpg\" class=\"attachment-large size-large wp-image-340\" alt=\"\" srcset=\"https:\/\/electronicanacionalcentro.com\/wp-content\/uploads\/2020\/06\/fondo-1024x576.jpg 1024w, https:\/\/electronicanacionalcentro.com\/wp-content\/uploads\/2020\/06\/fondo-300x169.jpg 300w, https:\/\/electronicanacionalcentro.com\/wp-content\/uploads\/2020\/06\/fondo-768x432.jpg 768w, https:\/\/electronicanacionalcentro.com\/wp-content\/uploads\/2020\/06\/fondo-1536x864.jpg 1536w, https:\/\/electronicanacionalcentro.com\/wp-content\/uploads\/2020\/06\/fondo.jpg 1903w\" sizes=\"(max-width: 1024px) 100vw, 1024px\" \/>\t\t\t\t\t\t\t\t\t\t\t\t\t\t\t<\/div>\n\t\t\t\t<\/div>\n\t\t\t\t\t<\/div>\n\t\t<\/div>\n\t\t\t\t\t<\/div>\n\t\t<\/section>\n\t\t\t\t\t<\/div>\n\t\t<\/div>\n\t\t\t\t\t<\/div>\n\t\t<\/section>\n\t\t\t\t<\/div>\n\t\t","protected":false},"excerpt":{"rendered":"<p>COMUNICADO! Estimados clientes, Electr\u00f3nica Nacional informa que todos los equipos entregados para revisi\u00f3n, mantenimiento y reparaci\u00f3n que no hayan sido retirados en un plazo m\u00e1ximo de 30 d\u00edas despu\u00e9s de haber aceptado el presupuesto, y se encuentran m\u00e1s de 6 meses en el servicio t\u00e9cnico, se proceder\u00e1 a enviar a venta o reciclaje. En caso&hellip;&nbsp;<a href=\"https:\/\/electronicanacionalcentro.com\/\" rel=\"bookmark\">Read More &raquo;<span class=\"screen-reader-text\">Homepage<\/span><\/a><\/p>\n","protected":false},"author":1,"featured_media":0,"parent":0,"menu_order":0,"comment_status":"closed","ping_status":"closed","template":"","meta":{"neve_meta_sidebar":"","neve_meta_container":"","neve_meta_enable_content_width":"","neve_meta_content_width":70,"neve_meta_title_alignment":"","neve_meta_author_avatar":"","neve_post_elements_order":"","neve_meta_disable_header":"","neve_meta_disable_footer":"","neve_meta_disable_title":"","footnotes":""},"class_list":["post-268","page","type-page","status-publish","hentry"],"_links":{"self":[{"href":"https:\/\/electronicanacionalcentro.com\/index.php\/wp-json\/wp\/v2\/pages\/268","targetHints":{"allow":["GET"]}}],"collection":[{"href":"https:\/\/electronicanacionalcentro.com\/index.php\/wp-json\/wp\/v2\/pages"}],"about":[{"href":"https:\/\/electronicanacionalcentro.com\/index.php\/wp-json\/wp\/v2\/types\/page"}],"author":[{"embeddable":true,"href":"https:\/\/electronicanacionalcentro.com\/index.php\/wp-json\/wp\/v2\/users\/1"}],"replies":[{"embeddable":true,"href":"https:\/\/electronicanacionalcentro.com\/index.php\/wp-json\/wp\/v2\/comments?post=268"}],"version-history":[{"count":34,"href":"https:\/\/electronicanacionalcentro.com\/index.php\/wp-json\/wp\/v2\/pages\/268\/revisions"}],"predecessor-version":[{"id":499,"href":"https:\/\/electronicanacionalcentro.com\/index.php\/wp-json\/wp\/v2\/pages\/268\/revisions\/499"}],"wp:attachment":[{"href":"https:\/\/electronicanacionalcentro.com\/index.php\/wp-json\/wp\/v2\/media?parent=268"}],"curies":[{"name":"wp","href":"https:\/\/api.w.org\/{rel}","templated":true}]}}